{"id":238,"date":"2024-10-17T18:18:10","date_gmt":"2024-10-17T18:18:10","guid":{"rendered":"https:\/\/creativrealty.com\/?page_id=238"},"modified":"2024-12-02T15:00:08","modified_gmt":"2024-12-02T15:00:08","slug":"mortgage-calculator","status":"publish","type":"page","link":"https:\/\/creativrealty.com\/fr\/mortgage-calculator\/","title":{"rendered":"Calculateur de pr\u00eat hypoth\u00e9caire"},"content":{"rendered":"<style>.elementor-238 .elementor-element.elementor-element-5ef99af1{--display:flex;--flex-direction:column;--container-widget-width:100%;--container-widget-height:initial;--container-widget-flex-grow:0;--container-widget-align-self:initial;--flex-wrap-mobile:wrap;--gap:0px 0px;--row-gap:0px;--column-gap:0px;--margin-top:-100px;--margin-bottom:0px;--margin-left:0px;--margin-right:0px;--padding-top:60px;--padding-bottom:0px;--padding-left:0px;--padding-right:0px;overflow:visible;}.elementor-238 .elementor-element.elementor-element-5ef99af1:not(.elementor-motion-effects-element-type-background), .elementor-238 .elementor-element.elementor-element-5ef99af1 > .elementor-motion-effects-container > .elementor-motion-effects-layer{background-image:url(\"https:\/\/creativrealty.com\/wp-content\/uploads\/2024\/10\/modern-interior-of-stylish-apartment.jpg\");}.elementor-238 .elementor-element.elementor-element-bf3ffa1{--display:flex;--gap:10px 10px;--row-gap:10px;--column-gap:10px;--margin-top:75px;--margin-bottom:0px;--margin-left:0px;--margin-right:0px;--padding-top:0px;--padding-bottom:0px;--padding-left:0px;--padding-right:0px;overflow:visible;}.elementor-238 .elementor-element.elementor-element-bb63876{text-align:center;}.elementor-238 .elementor-element.elementor-element-bb63876 .elementor-heading-title{font-family:\"Roboto\", Sans-serif;font-size:14px;font-weight:700;text-transform:uppercase;line-height:1.2em;letter-spacing:1.8px;}.elementor-238 .elementor-element.elementor-element-0b4dbc0{text-align:center;}.elementor-238 .elementor-element.elementor-element-0b4dbc0 .elementor-heading-title{font-size:50px;color:var( --e-global-color-accent );}.elementor-238 .elementor-element.elementor-element-f4179fd{text-align:center;font-family:\"Roboto\", Sans-serif;font-size:20px;font-weight:300;text-transform:none;line-height:1.4em;color:var( --e-global-color-accent );width:var( --container-widget-width, 60% );max-width:60%;--container-widget-width:60%;--container-widget-flex-grow:0;}.elementor-238 .elementor-element.elementor-element-f4179fd.elementor-element{--align-self:center;}.elementor-238 .elementor-element.elementor-element-59044b0b{--display:flex;--border-radius:20px 20px 20px 20px;box-shadow:0px 5px 30px 0px rgba(0, 0, 0, 0.1);--margin-top:10px;--margin-bottom:200px;--margin-left:0px;--margin-right:0px;--padding-top:20px;--padding-bottom:20px;--padding-left:20px;--padding-right:20px;overflow:visible;}.elementor-238 .elementor-element.elementor-element-59044b0b:not(.elementor-motion-effects-element-type-background), .elementor-238 .elementor-element.elementor-element-59044b0b > .elementor-motion-effects-container > .elementor-motion-effects-layer{background-color:var( --e-global-color-accent );}.elementor-238 .elementor-element.elementor-element-59044b0b.e-con{--align-self:center;}.elementor-238 .elementor-element.elementor-element-7f9aee48 > .elementor-widget-container{margin:20px 0px 0px 0px;}.elementor-238 .elementor-element.elementor-element-7f9aee48{width:var( --container-widget-width, 876px );max-width:876px;--container-widget-width:876px;--container-widget-flex-grow:0;}.elementor-238 .elementor-element.elementor-element-7f9aee48.elementor-element{--align-self:center;}@media(min-width:768px){.elementor-238 .elementor-element.elementor-element-59044b0b{--width:85%;}}@media(max-width:1024px){.elementor-238 .elementor-element.elementor-element-bb63876 .elementor-heading-title{font-size:12px;}.elementor-238 .elementor-element.elementor-element-f4179fd{text-align:start;}.elementor-238 .elementor-element.elementor-element-59044b0b{--margin-top:40px;--margin-bottom:0px;--margin-left:-40px;--margin-right:0px;--padding-top:40px;--padding-bottom:40px;--padding-left:40px;--padding-right:40px;}}@media(max-width:767px){.elementor-238 .elementor-element.elementor-element-5ef99af1{--padding-top:40px;--padding-bottom:40px;--padding-left:20px;--padding-right:20px;}.elementor-238 .elementor-element.elementor-element-bb63876 .elementor-heading-title{font-size:12px;letter-spacing:1.6px;}.elementor-238 .elementor-element.elementor-element-0b4dbc0 .elementor-heading-title{font-size:43px;line-height:0.9em;}.elementor-238 .elementor-element.elementor-element-0b4dbc0 > .elementor-widget-container{padding:0px 0px 5px 0px;}.elementor-238 .elementor-element.elementor-element-f4179fd{text-align:center;font-size:18px;line-height:1.2em;--container-widget-width:500px;--container-widget-flex-grow:0;width:var( --container-widget-width, 500px );max-width:500px;}.elementor-238 .elementor-element.elementor-element-59044b0b{--margin-top:0px;--margin-bottom:0px;--margin-left:0px;--margin-right:0px;--padding-top:40px;--padding-bottom:40px;--padding-left:20px;--padding-right:20px;}}\/* Start custom CSS for html, class: .elementor-element-7f9aee48 *\/.elementor-kit-10 label {\n    font-weight: 800;\n}\/* End custom CSS *\/<\/style>\t\t<div data-elementor-type=\"wp-page\" data-elementor-id=\"238\" class=\"elementor elementor-238\" data-elementor-post-type=\"page\">\n\t\t\t\t<div class=\"elementor-element elementor-element-5ef99af1 e-flex e-con-boxed e-con e-parent\" data-id=\"5ef99af1\" data-element_type=\"container\" data-e-type=\"container\" data-settings=\"{&quot;background_background&quot;:&quot;classic&quot;,&quot;ekit_has_onepagescroll_dot&quot;:&quot;yes&quot;}\">\n\t\t\t\t\t<div class=\"e-con-inner\">\n\t\t<div class=\"elementor-element elementor-element-bf3ffa1 e-flex e-con-boxed e-con e-child\" data-id=\"bf3ffa1\" data-element_type=\"container\" data-e-type=\"container\" data-settings=\"{&quot;ekit_has_onepagescroll_dot&quot;:&quot;yes&quot;}\">\n\t\t\t\t\t<div class=\"e-con-inner\">\n\t\t\t\t<div class=\"elementor-element elementor-element-bb63876 elementor-widget elementor-widget-heading\" data-id=\"bb63876\" data-element_type=\"widget\" data-e-type=\"widget\" data-settings=\"{&quot;ekit_we_effect_on&quot;:&quot;none&quot;}\" data-widget_type=\"heading.default\">\n\t\t\t\t<div class=\"elementor-widget-container\">\n\t\t\t\t\t<h6 class=\"elementor-heading-title elementor-size-default\">Calculateur de pr\u00eat hypoth\u00e9caire<\/h6>\t\t\t\t<\/div>\n\t\t\t\t<\/div>\n\t\t\t\t<div class=\"elementor-element elementor-element-0b4dbc0 elementor-widget elementor-widget-heading\" data-id=\"0b4dbc0\" data-element_type=\"widget\" data-e-type=\"widget\" data-settings=\"{&quot;_animation_mobile&quot;:&quot;fadeInUp&quot;,&quot;ekit_we_effect_on&quot;:&quot;none&quot;}\" data-widget_type=\"heading.default\">\n\t\t\t\t<div class=\"elementor-widget-container\">\n\t\t\t\t\t<h2 class=\"elementor-heading-title elementor-size-default\">Quelle maison puis-je me permettre ?<\/h2>\t\t\t\t<\/div>\n\t\t\t\t<\/div>\n\t\t\t\t<div class=\"elementor-element elementor-element-f4179fd elementor-widget__width-initial elementor-invisible elementor-widget elementor-widget-text-editor\" data-id=\"f4179fd\" data-element_type=\"widget\" data-e-type=\"widget\" data-settings=\"{&quot;_animation&quot;:&quot;fadeInLeft&quot;,&quot;_animation_delay&quot;:&quot;100&quot;,&quot;ekit_we_effect_on&quot;:&quot;none&quot;}\" data-widget_type=\"text-editor.default\">\n\t\t\t\t<div class=\"elementor-widget-container\">\n\t\t\t\t\t\t\t\t\t<p>Entrez quelques d\u00e9tails sur votre maison et les conditions de votre pr\u00eat pour estimer la r\u00e9partition de vos mensualit\u00e9s.<\/p>\t\t\t\t\t\t\t\t<\/div>\n\t\t\t\t<\/div>\n\t\t\t\t\t<\/div>\n\t\t\t\t<\/div>\n\t\t<div class=\"elementor-element elementor-element-59044b0b e-con-full e-flex elementor-invisible e-con e-child\" data-id=\"59044b0b\" data-element_type=\"container\" data-e-type=\"container\" data-settings=\"{&quot;background_background&quot;:&quot;classic&quot;,&quot;animation&quot;:&quot;fadeInLeft&quot;,&quot;ekit_has_onepagescroll_dot&quot;:&quot;yes&quot;}\">\n\t\t\t\t<div class=\"elementor-element elementor-element-7f9aee48 elementor-widget__width-initial elementor-widget elementor-widget-html\" data-id=\"7f9aee48\" data-element_type=\"widget\" data-e-type=\"widget\" data-settings=\"{&quot;ekit_we_effect_on&quot;:&quot;none&quot;}\" data-widget_type=\"html.default\">\n\t\t\t\t<div class=\"elementor-widget-container\">\n\t\t\t\t\t<script src=\"https:\/\/static.elfsight.com\/platform\/platform.js\" async><\/script>\r\n<div class=\"elfsight-app-025fb72d-5dc1-4783-b284-9a265121fd1e\" data-elfsight-app-lazy><\/div>\t\t\t\t<\/div>\n\t\t\t\t<\/div>\n\t\t\t\t<\/div>\n\t\t\t\t\t<\/div>\n\t\t\t\t<\/div>\n\t\t\t\t<\/div>","protected":false},"excerpt":{"rendered":"<p>Mortgage calculator How much house can I afford? Enter a few details about your home and loan terms to estimate your monthly payment breakdown.<\/p>","protected":false},"author":1,"featured_media":0,"parent":0,"menu_order":0,"comment_status":"closed","ping_status":"closed","template":"","meta":{"footnotes":""},"class_list":["post-238","page","type-page","status-publish","hentry"],"yoast_head":"<!-- This site is optimized with the Yoast SEO plugin v27.1.1 - https:\/\/yoast.com\/product\/yoast-seo-wordpress\/ -->\n<title>Mortgage calculator - Creativ Realty<\/title>\n<meta name=\"description\" content=\"Creativ Realty Mortgage Calculator - Estimate your monthly payment breakdown with our simple to use calculator.\" \/>\n<meta name=\"robots\" content=\"index, follow, max-snippet:-1, max-image-preview:large, max-video-preview:-1\" \/>\n<link rel=\"canonical\" href=\"https:\/\/creativrealty.com\/fr\/mortgage-calculator\/\" \/>\n<meta property=\"og:locale\" content=\"fr_CA\" \/>\n<meta property=\"og:type\" content=\"article\" \/>\n<meta property=\"og:title\" content=\"Mortgage calculator - Creativ Realty\" \/>\n<meta property=\"og:description\" content=\"Creativ Realty Mortgage Calculator - Estimate your monthly payment breakdown with our simple to use calculator.\" \/>\n<meta property=\"og:url\" content=\"https:\/\/creativrealty.com\/fr\/mortgage-calculator\/\" \/>\n<meta property=\"og:site_name\" content=\"Creativ Realty\" \/>\n<meta property=\"article:publisher\" content=\"https:\/\/www.facebook.com\/creativrealty\" \/>\n<meta property=\"article:modified_time\" content=\"2024-12-02T15:00:08+00:00\" \/>\n<meta name=\"twitter:card\" content=\"summary_large_image\" \/>\n<meta name=\"twitter:label1\" content=\"Estimation du temps de lecture\" \/>\n\t<meta name=\"twitter:data1\" content=\"1 minute\" \/>\n<script type=\"application\/ld+json\" class=\"yoast-schema-graph\">{\"@context\":\"https:\/\/schema.org\",\"@graph\":[{\"@type\":\"WebPage\",\"@id\":\"https:\/\/creativrealty.com\/mortgage-calculator\/\",\"url\":\"https:\/\/creativrealty.com\/mortgage-calculator\/\",\"name\":\"Mortgage calculator - Creativ Realty\",\"isPartOf\":{\"@id\":\"https:\/\/creativrealty.com\/#website\"},\"datePublished\":\"2024-10-17T18:18:10+00:00\",\"dateModified\":\"2024-12-02T15:00:08+00:00\",\"description\":\"Creativ Realty Mortgage Calculator - Estimate your monthly payment breakdown with our simple to use calculator.\",\"breadcrumb\":{\"@id\":\"https:\/\/creativrealty.com\/mortgage-calculator\/#breadcrumb\"},\"inLanguage\":\"fr-CA\",\"potentialAction\":[{\"@type\":\"ReadAction\",\"target\":[\"https:\/\/creativrealty.com\/mortgage-calculator\/\"]}]},{\"@type\":\"BreadcrumbList\",\"@id\":\"https:\/\/creativrealty.com\/mortgage-calculator\/#breadcrumb\",\"itemListElement\":[{\"@type\":\"ListItem\",\"position\":1,\"name\":\"Home\",\"item\":\"https:\/\/creativrealty.com\/\"},{\"@type\":\"ListItem\",\"position\":2,\"name\":\"Mortgage calculator\"}]},{\"@type\":\"WebSite\",\"@id\":\"https:\/\/creativrealty.com\/#website\",\"url\":\"https:\/\/creativrealty.com\/\",\"name\":\"CreativRealty\",\"description\":\"\",\"publisher\":{\"@id\":\"https:\/\/creativrealty.com\/#organization\"},\"potentialAction\":[{\"@type\":\"SearchAction\",\"target\":{\"@type\":\"EntryPoint\",\"urlTemplate\":\"https:\/\/creativrealty.com\/?s={search_term_string}\"},\"query-input\":{\"@type\":\"PropertyValueSpecification\",\"valueRequired\":true,\"valueName\":\"search_term_string\"}}],\"inLanguage\":\"fr-CA\"},{\"@type\":\"Organization\",\"@id\":\"https:\/\/creativrealty.com\/#organization\",\"name\":\"Creativ Realty\",\"url\":\"https:\/\/creativrealty.com\/\",\"logo\":{\"@type\":\"ImageObject\",\"inLanguage\":\"fr-CA\",\"@id\":\"https:\/\/creativrealty.com\/#\/schema\/logo\/image\/\",\"url\":\"https:\/\/creativrealty.com\/wp-content\/uploads\/2024\/10\/creativ-realty-logo-1.png\",\"contentUrl\":\"https:\/\/creativrealty.com\/wp-content\/uploads\/2024\/10\/creativ-realty-logo-1.png\",\"width\":350,\"height\":100,\"caption\":\"Creativ Realty\"},\"image\":{\"@id\":\"https:\/\/creativrealty.com\/#\/schema\/logo\/image\/\"},\"sameAs\":[\"https:\/\/www.facebook.com\/creativrealty\",\"https:\/\/www.instagram.com\/creativ_realty\/\"]}]}<\/script>\n<!-- \/ Yoast SEO plugin. -->","yoast_head_json":{"title":"Mortgage calculator - Creativ Realty","description":"Creativ Realty Mortgage Calculator - Estimate your monthly payment breakdown with our simple to use calculator.","robots":{"index":"index","follow":"follow","max-snippet":"max-snippet:-1","max-image-preview":"max-image-preview:large","max-video-preview":"max-video-preview:-1"},"canonical":"https:\/\/creativrealty.com\/fr\/mortgage-calculator\/","og_locale":"fr_CA","og_type":"article","og_title":"Mortgage calculator - Creativ Realty","og_description":"Creativ Realty Mortgage Calculator - Estimate your monthly payment breakdown with our simple to use calculator.","og_url":"https:\/\/creativrealty.com\/fr\/mortgage-calculator\/","og_site_name":"Creativ Realty","article_publisher":"https:\/\/www.facebook.com\/creativrealty","article_modified_time":"2024-12-02T15:00:08+00:00","twitter_card":"summary_large_image","twitter_misc":{"Estimation du temps de lecture":"1 minute"},"schema":{"@context":"https:\/\/schema.org","@graph":[{"@type":"WebPage","@id":"https:\/\/creativrealty.com\/mortgage-calculator\/","url":"https:\/\/creativrealty.com\/mortgage-calculator\/","name":"Mortgage calculator - Creativ Realty","isPartOf":{"@id":"https:\/\/creativrealty.com\/#website"},"datePublished":"2024-10-17T18:18:10+00:00","dateModified":"2024-12-02T15:00:08+00:00","description":"Creativ Realty Mortgage Calculator - Estimate your monthly payment breakdown with our simple to use calculator.","breadcrumb":{"@id":"https:\/\/creativrealty.com\/mortgage-calculator\/#breadcrumb"},"inLanguage":"fr-CA","potentialAction":[{"@type":"ReadAction","target":["https:\/\/creativrealty.com\/mortgage-calculator\/"]}]},{"@type":"BreadcrumbList","@id":"https:\/\/creativrealty.com\/mortgage-calculator\/#breadcrumb","itemListElement":[{"@type":"ListItem","position":1,"name":"Home","item":"https:\/\/creativrealty.com\/"},{"@type":"ListItem","position":2,"name":"Mortgage calculator"}]},{"@type":"WebSite","@id":"https:\/\/creativrealty.com\/#website","url":"https:\/\/creativrealty.com\/","name":"CreativRealty","description":"","publisher":{"@id":"https:\/\/creativrealty.com\/#organization"},"potentialAction":[{"@type":"SearchAction","target":{"@type":"EntryPoint","urlTemplate":"https:\/\/creativrealty.com\/?s={search_term_string}"},"query-input":{"@type":"PropertyValueSpecification","valueRequired":true,"valueName":"search_term_string"}}],"inLanguage":"fr-CA"},{"@type":"Organization","@id":"https:\/\/creativrealty.com\/#organization","name":"Creativ Realty","url":"https:\/\/creativrealty.com\/","logo":{"@type":"ImageObject","inLanguage":"fr-CA","@id":"https:\/\/creativrealty.com\/#\/schema\/logo\/image\/","url":"https:\/\/creativrealty.com\/wp-content\/uploads\/2024\/10\/creativ-realty-logo-1.png","contentUrl":"https:\/\/creativrealty.com\/wp-content\/uploads\/2024\/10\/creativ-realty-logo-1.png","width":350,"height":100,"caption":"Creativ Realty"},"image":{"@id":"https:\/\/creativrealty.com\/#\/schema\/logo\/image\/"},"sameAs":["https:\/\/www.facebook.com\/creativrealty","https:\/\/www.instagram.com\/creativ_realty\/"]}]}},"_links":{"self":[{"href":"https:\/\/creativrealty.com\/fr\/wp-json\/wp\/v2\/pages\/238","targetHints":{"allow":["GET"]}}],"collection":[{"href":"https:\/\/creativrealty.com\/fr\/wp-json\/wp\/v2\/pages"}],"about":[{"href":"https:\/\/creativrealty.com\/fr\/wp-json\/wp\/v2\/types\/page"}],"author":[{"embeddable":true,"href":"https:\/\/creativrealty.com\/fr\/wp-json\/wp\/v2\/users\/1"}],"replies":[{"embeddable":true,"href":"https:\/\/creativrealty.com\/fr\/wp-json\/wp\/v2\/comments?post=238"}],"version-history":[{"count":10,"href":"https:\/\/creativrealty.com\/fr\/wp-json\/wp\/v2\/pages\/238\/revisions"}],"predecessor-version":[{"id":2283,"href":"https:\/\/creativrealty.com\/fr\/wp-json\/wp\/v2\/pages\/238\/revisions\/2283"}],"wp:attachment":[{"href":"https:\/\/creativrealty.com\/fr\/wp-json\/wp\/v2\/media?parent=238"}],"curies":[{"name":"wp","href":"https:\/\/api.w.org\/{rel}","templated":true}]}}